{"id":100,"date":"2022-02-07T16:21:36","date_gmt":"2022-02-07T15:21:36","guid":{"rendered":"https:\/\/une-douce-parenthese.fr\/?page_id=100"},"modified":"2024-11-12T21:08:03","modified_gmt":"2024-11-12T20:08:03","slug":"les-entretiens-individuels-accompagnement-parentalite","status":"publish","type":"page","link":"https:\/\/magali-test.fr\/parenthese\/les-entretiens-individuels-accompagnement-parentalite\/","title":{"rendered":"Les entretiens individuels"},"content":{"rendered":"<p>[et_pb_section fb_built=\u00a0\u00bb1&Prime; _builder_version=\u00a0\u00bb4.16&Prime; _module_preset=\u00a0\u00bbdefault\u00a0\u00bb background_color=\u00a0\u00bb#339999&Prime; custom_padding=\u00a0\u00bb||0px|||\u00a0\u00bb locked=\u00a0\u00bboff\u00a0\u00bb global_colors_info=\u00a0\u00bb{}\u00a0\u00bb][et_pb_row _builder_version=\u00a0\u00bb4.16&Prime; _module_preset=\u00a0\u00bbdefault\u00a0\u00bb global_colors_info=\u00a0\u00bb{}\u00a0\u00bb][et_pb_column type=\u00a0\u00bb4_4&Prime; _builder_version=\u00a0\u00bb4.16&Prime; _module_preset=\u00a0\u00bbdefault\u00a0\u00bb global_colors_info=\u00a0\u00bb{}\u00a0\u00bb][et_pb_text _builder_version=\u00a0\u00bb4.16&Prime; _module_preset=\u00a0\u00bbdefault\u00a0\u00bb text_font=\u00a0\u00bbPhotoshoot||||||||\u00a0\u00bb text_text_color=\u00a0\u00bb#ffffff\u00a0\u00bb text_font_size=\u00a0\u00bb30px\u00a0\u00bb header_font=\u00a0\u00bbRoboto Slab||||||||\u00a0\u00bb header_text_align=\u00a0\u00bbcenter\u00a0\u00bb header_text_color=\u00a0\u00bb#ffffff\u00a0\u00bb header_font_size=\u00a0\u00bb19px\u00a0\u00bb header_line_height=\u00a0\u00bb3em\u00a0\u00bb text_orientation=\u00a0\u00bbcenter\u00a0\u00bb custom_margin=\u00a0\u00bb||1px|||\u00a0\u00bb custom_padding=\u00a0\u00bb||0px|||\u00a0\u00bb text_line_height_tablet=\u00a0\u00bb\u00a0\u00bb text_line_height_phone=\u00a0\u00bb1.9em\u00a0\u00bb text_line_height_last_edited=\u00a0\u00bbon|phone\u00a0\u00bb header_line_height_tablet=\u00a0\u00bb3em\u00a0\u00bb header_line_height_phone=\u00a0\u00bb2em\u00a0\u00bb header_line_height_last_edited=\u00a0\u00bbon|phone\u00a0\u00bb global_colors_info=\u00a0\u00bb{}\u00a0\u00bb]<\/p>\n<p>Les entretiens individuels<\/p>\n<h1>Aide et soutien \u00e0 la parentalit\u00e9 \u00e0 domicile<\/h1>\n<p>[\/et_pb_text][et_pb_text _builder_version=\u00a0\u00bb4.16&Prime; _module_preset=\u00a0\u00bbdefault\u00a0\u00bb text_text_color=\u00a0\u00bb#ffffff\u00a0\u00bb text_font_size=\u00a0\u00bb19px\u00a0\u00bb text_line_height=\u00a0\u00bb2.3em\u00a0\u00bb header_font=\u00a0\u00bbPhotoshoot||||||||\u00a0\u00bb header_text_align=\u00a0\u00bbcenter\u00a0\u00bb header_text_color=\u00a0\u00bb#ffffff\u00a0\u00bb text_orientation=\u00a0\u00bbcenter\u00a0\u00bb custom_margin=\u00a0\u00bb-27px|||||\u00a0\u00bb custom_margin_tablet=\u00a0\u00bb-27px|||||\u00a0\u00bb custom_margin_phone=\u00a0\u00bb-12px||||false|false\u00a0\u00bb custom_margin_last_edited=\u00a0\u00bbon|phone\u00a0\u00bb custom_padding=\u00a0\u00bb||7px|||\u00a0\u00bb global_colors_info=\u00a0\u00bb{}\u00a0\u00bb]<\/p>\n<p>Nous vous accompagnons vers une parentalit\u00e9 \u00e9panouie au travers d&rsquo;un suivi individualis\u00e9<\/p>\n<p>[\/et_pb_text][et_pb_image src=\u00a0\u00bbhttps:\/\/magali-test.fr\/parenthese\/wp-content\/uploads\/2022\/03\/Fleurs-blanches-1@05x.png\u00a0\u00bb title_text=\u00a0\u00bbFleurs blanches-1@0,5x\u00a0\u00bb align=\u00a0\u00bbcenter\u00a0\u00bb _builder_version=\u00a0\u00bb4.16&Prime; _module_preset=\u00a0\u00bbdefault\u00a0\u00bb width=\u00a0\u00bb41%\u00a0\u00bb width_tablet=\u00a0\u00bb74%\u00a0\u00bb width_phone=\u00a0\u00bb\u00a0\u00bb width_last_edited=\u00a0\u00bbon|phone\u00a0\u00bb custom_margin=\u00a0\u00bb-36px||||false|false\u00a0\u00bb global_colors_info=\u00a0\u00bb{}\u00a0\u00bb][\/et_pb_image][\/et_pb_column][\/et_pb_row][\/et_pb_section][et_pb_section fb_built=\u00a0\u00bb1&Prime; _builder_version=\u00a0\u00bb4.16&Prime; _module_preset=\u00a0\u00bbdefault\u00a0\u00bb custom_padding=\u00a0\u00bb0px||0px|||\u00a0\u00bb global_colors_info=\u00a0\u00bb{}\u00a0\u00bb][et_pb_row column_structure=\u00a0\u00bb1_2,1_2&Prime; use_custom_gutter=\u00a0\u00bbon\u00a0\u00bb gutter_width=\u00a0\u00bb1&Prime; make_equal=\u00a0\u00bbon\u00a0\u00bb _builder_version=\u00a0\u00bb4.16&Prime; _module_preset=\u00a0\u00bbdefault\u00a0\u00bb width=\u00a0\u00bb100%\u00a0\u00bb max_width=\u00a0\u00bb2560px\u00a0\u00bb custom_padding=\u00a0\u00bb0px||8px|||\u00a0\u00bb global_colors_info=\u00a0\u00bb{}\u00a0\u00bb][et_pb_column type=\u00a0\u00bb1_2&Prime; _builder_version=\u00a0\u00bb4.16&Prime; _module_preset=\u00a0\u00bbdefault\u00a0\u00bb background_color=\u00a0\u00bb#DB756E\u00a0\u00bb custom_padding=\u00a0\u00bb50px|50px|50px|50px|true|true\u00a0\u00bb global_colors_info=\u00a0\u00bb{}\u00a0\u00bb][et_pb_text _builder_version=\u00a0\u00bb4.16&Prime; _module_preset=\u00a0\u00bbdefault\u00a0\u00bb text_text_color=\u00a0\u00bb#ffffff\u00a0\u00bb header_3_text_color=\u00a0\u00bb#ffffff\u00a0\u00bb header_3_font_size=\u00a0\u00bb18px\u00a0\u00bb global_colors_info=\u00a0\u00bb{}\u00a0\u00bb]<\/p>\n<h3>Les <a href=\"https:\/\/magali-test.fr\/parenthese\/les-ateliers-collectifs-parentalite-tarbes\/\">ateliers collectifs<\/a> ne vous correspondent pas\u00a0? Peut-\u00eatre souhaitez-vous un suivi personnalis\u00e9 plus en ad\u00e9quation avec vos besoins\u00a0?<\/h3>\n<p>Parce que chaque famille et chaque membre qui la composent sont uniques et ont des besoins propres \u00e0 leur \u00e9volution, l\u2019entretien individuel permet la mise en place d\u2019un espace de parole, d\u2019\u00e9coute et d\u2019accompagnement individualis\u00e9.<\/p>\n<p>Vous \u00eates concern\u00e9s par les entretiens individuels si\u00a0:<\/p>\n<ul>\n<li>Vous vous interrogez sur votre r\u00f4le de futurs parents ou de parents<\/li>\n<li>Vous avez du mal \u00e0 \u00e9tablir le lien avec votre b\u00e9b\u00e9<\/li>\n<li>Vous ne parvenez pas \u00e0 \u00eatre le parent que vous avez envie d\u2019\u00eatre<\/li>\n<li>Vous \u00eates submerg\u00e9s par vos \u00e9motions ou r\u00e9actions dans votre quotidien<\/li>\n<li>Vous vous sentez d\u00e9munis face \u00e0 certaines difficult\u00e9s<\/li>\n<li>Vous ne comprenez pas votre enfant<\/li>\n<li>Vous vous \u00e9puisez face aux conflits r\u00e9p\u00e9t\u00e9s, aux tensions familiales, vous perdez le plaisir d\u2019\u00eatre ensemble<\/li>\n<li>Au sein du couple parental, vous n\u2019avez pas la m\u00eame approche \u00e9ducative et vous sentez que l\u2019\u00e9quilibre familial pourrait-\u00eatre fragilis\u00e9<\/li>\n<\/ul>\n<p>[\/et_pb_text][et_pb_text _builder_version=\u00a0\u00bb4.16&Prime; _module_preset=\u00a0\u00bbdefault\u00a0\u00bb text_text_color=\u00a0\u00bb#DB756E\u00a0\u00bb header_3_text_color=\u00a0\u00bb#DB756E\u00a0\u00bb background_color=\u00a0\u00bb#ffffff\u00a0\u00bb custom_padding=\u00a0\u00bb20px|20px|20px|20px|true|true\u00a0\u00bb global_colors_info=\u00a0\u00bb{}\u00a0\u00bb]<\/p>\n<h3>Le d\u00e9roulement d\u2019une s\u00e9ance individuelle\u00a0:<\/h3>\n<p>Lors de la s\u00e9ance, vous abordez une probl\u00e9matique ou un \u00e9v\u00e8nement d\u00e9clencheur qui vous perturbe au quotidien.<\/p>\n<p>C\u2019est \u00e0 travers une \u00e9coute bienveillante et approfondie que nous vous proposons ainsi de devenir acteurs et de trouver vos solutions gr\u00e2ce \u00e0 vos propres ressources.<\/p>\n<p>Nous vous accompagnons afin de d\u00e9couvrir et (re)mettre en lumi\u00e8re vos besoins, vos envies et nous valorisons ainsi vos comp\u00e9tences et vous soutenons.<\/p>\n<p>Nous explorons avec vous des outils p\u00e9dagogiques, ludiques, cr\u00e9atifs et pratiques. Nous vous apportons \u00e9galement des supports th\u00e9oriques reli\u00e9s \u00e0 votre situation.<\/p>\n<p>[\/et_pb_text][et_pb_text _builder_version=\u00a0\u00bb4.16&Prime; _module_preset=\u00a0\u00bbdefault\u00a0\u00bb text_text_color=\u00a0\u00bb#ffffff\u00a0\u00bb header_3_text_color=\u00a0\u00bb#ffffff\u00a0\u00bb text_orientation=\u00a0\u00bbcenter\u00a0\u00bb custom_margin=\u00a0\u00bb20px||-25px||false|false\u00a0\u00bb custom_padding=\u00a0\u00bb20px|20px|20px|20px|true|false\u00a0\u00bb border_width_all=\u00a0\u00bb3px\u00a0\u00bb border_color_all=\u00a0\u00bb#ffffff\u00a0\u00bb global_colors_info=\u00a0\u00bb{}\u00a0\u00bb]<\/p>\n<h3>\u00a0 Modalit\u00e9s d\u2019un entretien individuel \u00e0 votre domicile :<\/h3>\n<p>Inscription par t\u00e9l\u00e9phone ou par mail<\/p>\n<p>\u00a0\u00a0\u00a0 Dur\u00e9e 1h &#8211; Tarif : 55 \u20ac<\/p>\n<p>&nbsp;<\/p>\n<p>Frais kilom\u00e9triques de d\u00e9placement<\/p>\n<p>Entre 20kms et 40kms : 15\u20ac<\/p>\n<p>Au-del\u00e0 de 40kms: 25\u20ac\u00a0<\/p>\n<p>[\/et_pb_text][\/et_pb_column][et_pb_column type=\u00a0\u00bb1_2&Prime; _builder_version=\u00a0\u00bb4.16&Prime; _module_preset=\u00a0\u00bbdefault\u00a0\u00bb background_color=\u00a0\u00bb#DB756E\u00a0\u00bb background_enable_image=\u00a0\u00bboff\u00a0\u00bb custom_padding=\u00a0\u00bb50px|50px|50px|50px|true|true\u00a0\u00bb global_colors_info=\u00a0\u00bb{}\u00a0\u00bb][et_pb_image src=\u00a0\u00bbhttps:\/\/magali-test.fr\/parenthese\/wp-content\/uploads\/2022\/02\/fond-accompagnements-individuels.jpg\u00a0\u00bb alt=\u00a0\u00bbconsultante en parentalit\u00e9 tarbes\u00a0\u00bb _builder_version=\u00a0\u00bb4.16&Prime; _module_preset=\u00a0\u00bbdefault\u00a0\u00bb custom_margin=\u00a0\u00bb79px||||false|false\u00a0\u00bb custom_margin_tablet=\u00a0\u00bb-58px||||false|false\u00a0\u00bb custom_margin_phone=\u00a0\u00bb-41px||||false|false\u00a0\u00bb custom_margin_last_edited=\u00a0\u00bbon|phone\u00a0\u00bb global_colors_info=\u00a0\u00bb{}\u00a0\u00bb][\/et_pb_image][et_pb_button button_url=\u00a0\u00bb@ET-DC@eyJkeW5hbWljIjp0cnVlLCJjb250ZW50IjoicG9zdF9saW5rX3VybF9wYWdlIiwic2V0dGluZ3MiOnsicG9zdF9pZCI6IjM5In19@\u00a0\u00bb button_text=\u00a0\u00bbPrendre rendez-vous\u00a0\u00bb button_alignment=\u00a0\u00bbcenter\u00a0\u00bb _builder_version=\u00a0\u00bb4.16&Prime; _dynamic_attributes=\u00a0\u00bbbutton_url\u00a0\u00bb _module_preset=\u00a0\u00bbdefault\u00a0\u00bb custom_button=\u00a0\u00bbon\u00a0\u00bb button_text_color=\u00a0\u00bb#db756e\u00a0\u00bb button_bg_color=\u00a0\u00bb#f4fcff\u00a0\u00bb button_border_width=\u00a0\u00bb0px\u00a0\u00bb custom_margin=\u00a0\u00bb62px||||false|false\u00a0\u00bb custom_margin_tablet=\u00a0\u00bb\u00a0\u00bb custom_margin_phone=\u00a0\u00bb\u00a0\u00bb custom_margin_last_edited=\u00a0\u00bbon|desktop\u00a0\u00bb global_colors_info=\u00a0\u00bb{}\u00a0\u00bb][\/et_pb_button][\/et_pb_column][\/et_pb_row][\/et_pb_section]<\/p>\n","protected":false},"excerpt":{"rendered":"<p>Les entretiens individuels Aide et soutien \u00e0 la parentalit\u00e9 \u00e0 domicileNous vous accompagnons vers une parentalit\u00e9 \u00e9panouie au travers d&rsquo;un suivi individualis\u00e9Les ateliers collectifs ne vous correspondent pas\u00a0? Peut-\u00eatre souhaitez-vous un suivi personnalis\u00e9 plus en ad\u00e9quation avec vos besoins\u00a0? Parce que chaque famille et chaque membre qui la composent sont uniques et ont des besoins [&hellip;]<\/p>\n","protected":false},"author":2,"featured_media":0,"parent":0,"menu_order":0,"comment_status":"closed","ping_status":"closed","template":"","meta":{"_et_pb_use_builder":"on","_et_pb_old_content":"","_et_gb_content_width":"","inline_featured_image":false,"footnotes":""},"class_list":["post-100","page","type-page","status-publish","hentry"],"yoast_head":"<!-- This site is optimized with the Yoast SEO plugin v27.3 - https:\/\/yoast.com\/product\/yoast-seo-wordpress\/ -->\n<title>Accompagnement individuel \u00e0 la parentalit\u00e9 \u00e0 Tarbes<\/title>\n<meta name=\"description\" content=\"Aide et soutien \u00e0 la parentalit\u00e9 \u00e0 Tarbes. Nous vous accompagnons vers une parentalit\u00e9 \u00e9panouie au travers d\u2019un suivi individualis\u00e9\" \/>\n<meta name=\"robots\" content=\"noindex, follow, max-snippet:-1, max-image-preview:large, max-video-preview:-1\" \/>\n<meta property=\"og:locale\" content=\"fr_FR\" \/>\n<meta property=\"og:type\" content=\"article\" \/>\n<meta property=\"og:title\" content=\"Accompagnement individuel \u00e0 la parentalit\u00e9 \u00e0 Tarbes\" \/>\n<meta property=\"og:description\" content=\"Aide et soutien \u00e0 la parentalit\u00e9 \u00e0 Tarbes. Nous vous accompagnons vers une parentalit\u00e9 \u00e9panouie au travers d\u2019un suivi individualis\u00e9\" \/>\n<meta property=\"og:url\" content=\"https:\/\/magali-test.fr\/parenthese\/les-entretiens-individuels-accompagnement-parentalite\/\" \/>\n<meta property=\"og:site_name\" content=\"Une douce parenth\u00e8se\" \/>\n<meta property=\"article:publisher\" content=\"https:\/\/www.facebook.com\/UnedouceparentheseParentalite\" \/>\n<meta property=\"article:modified_time\" content=\"2024-11-12T20:08:03+00:00\" \/>\n<meta name=\"twitter:card\" content=\"summary_large_image\" \/>\n<meta name=\"twitter:label1\" content=\"Dur\u00e9e de lecture estim\u00e9e\" \/>\n\t<meta name=\"twitter:data1\" content=\"3 minutes\" \/>\n<script type=\"application\/ld+json\" class=\"yoast-schema-graph\">{\"@context\":\"https:\\\/\\\/schema.org\",\"@graph\":[{\"@type\":\"WebPage\",\"@id\":\"https:\\\/\\\/magali-test.fr\\\/parenthese\\\/les-entretiens-individuels-accompagnement-parentalite\\\/\",\"url\":\"https:\\\/\\\/magali-test.fr\\\/parenthese\\\/les-entretiens-individuels-accompagnement-parentalite\\\/\",\"name\":\"Accompagnement individuel \u00e0 la parentalit\u00e9 \u00e0 Tarbes\",\"isPartOf\":{\"@id\":\"https:\\\/\\\/magali-test.fr\\\/parenthese\\\/#website\"},\"datePublished\":\"2022-02-07T15:21:36+00:00\",\"dateModified\":\"2024-11-12T20:08:03+00:00\",\"description\":\"Aide et soutien \u00e0 la parentalit\u00e9 \u00e0 Tarbes. Nous vous accompagnons vers une parentalit\u00e9 \u00e9panouie au travers d\u2019un suivi individualis\u00e9\",\"breadcrumb\":{\"@id\":\"https:\\\/\\\/magali-test.fr\\\/parenthese\\\/les-entretiens-individuels-accompagnement-parentalite\\\/#breadcrumb\"},\"inLanguage\":\"fr-FR\",\"potentialAction\":[{\"@type\":\"ReadAction\",\"target\":[\"https:\\\/\\\/magali-test.fr\\\/parenthese\\\/les-entretiens-individuels-accompagnement-parentalite\\\/\"]}]},{\"@type\":\"BreadcrumbList\",\"@id\":\"https:\\\/\\\/magali-test.fr\\\/parenthese\\\/les-entretiens-individuels-accompagnement-parentalite\\\/#breadcrumb\",\"itemListElement\":[{\"@type\":\"ListItem\",\"position\":1,\"name\":\"Accueil\",\"item\":\"https:\\\/\\\/magali-test.fr\\\/parenthese\\\/\"},{\"@type\":\"ListItem\",\"position\":2,\"name\":\"Les entretiens individuels\"}]},{\"@type\":\"WebSite\",\"@id\":\"https:\\\/\\\/magali-test.fr\\\/parenthese\\\/#website\",\"url\":\"https:\\\/\\\/magali-test.fr\\\/parenthese\\\/\",\"name\":\"Une douce parenth\u00e8se\",\"description\":\"Fabrique \u00e0 familles \u00e9panouies\",\"publisher\":{\"@id\":\"https:\\\/\\\/magali-test.fr\\\/parenthese\\\/#organization\"},\"potentialAction\":[{\"@type\":\"SearchAction\",\"target\":{\"@type\":\"EntryPoint\",\"urlTemplate\":\"https:\\\/\\\/magali-test.fr\\\/parenthese\\\/?s={search_term_string}\"},\"query-input\":{\"@type\":\"PropertyValueSpecification\",\"valueRequired\":true,\"valueName\":\"search_term_string\"}}],\"inLanguage\":\"fr-FR\"},{\"@type\":\"Organization\",\"@id\":\"https:\\\/\\\/magali-test.fr\\\/parenthese\\\/#organization\",\"name\":\"Une douce parenth\u00e8se\",\"url\":\"https:\\\/\\\/magali-test.fr\\\/parenthese\\\/\",\"logo\":{\"@type\":\"ImageObject\",\"inLanguage\":\"fr-FR\",\"@id\":\"https:\\\/\\\/magali-test.fr\\\/parenthese\\\/#\\\/schema\\\/logo\\\/image\\\/\",\"url\":\"https:\\\/\\\/magali-test.fr\\\/parenthese\\\/wp-content\\\/uploads\\\/2022\\\/03\\\/favicon.png\",\"contentUrl\":\"https:\\\/\\\/magali-test.fr\\\/parenthese\\\/wp-content\\\/uploads\\\/2022\\\/03\\\/favicon.png\",\"width\":475,\"height\":475,\"caption\":\"Une douce parenth\u00e8se\"},\"image\":{\"@id\":\"https:\\\/\\\/magali-test.fr\\\/parenthese\\\/#\\\/schema\\\/logo\\\/image\\\/\"},\"sameAs\":[\"https:\\\/\\\/www.facebook.com\\\/UnedouceparentheseParentalite\"]}]}<\/script>\n<!-- \/ Yoast SEO plugin. -->","yoast_head_json":{"title":"Accompagnement individuel \u00e0 la parentalit\u00e9 \u00e0 Tarbes","description":"Aide et soutien \u00e0 la parentalit\u00e9 \u00e0 Tarbes. Nous vous accompagnons vers une parentalit\u00e9 \u00e9panouie au travers d\u2019un suivi individualis\u00e9","robots":{"index":"noindex","follow":"follow","max-snippet":"max-snippet:-1","max-image-preview":"max-image-preview:large","max-video-preview":"max-video-preview:-1"},"og_locale":"fr_FR","og_type":"article","og_title":"Accompagnement individuel \u00e0 la parentalit\u00e9 \u00e0 Tarbes","og_description":"Aide et soutien \u00e0 la parentalit\u00e9 \u00e0 Tarbes. Nous vous accompagnons vers une parentalit\u00e9 \u00e9panouie au travers d\u2019un suivi individualis\u00e9","og_url":"https:\/\/magali-test.fr\/parenthese\/les-entretiens-individuels-accompagnement-parentalite\/","og_site_name":"Une douce parenth\u00e8se","article_publisher":"https:\/\/www.facebook.com\/UnedouceparentheseParentalite","article_modified_time":"2024-11-12T20:08:03+00:00","twitter_card":"summary_large_image","twitter_misc":{"Dur\u00e9e de lecture estim\u00e9e":"3 minutes"},"schema":{"@context":"https:\/\/schema.org","@graph":[{"@type":"WebPage","@id":"https:\/\/magali-test.fr\/parenthese\/les-entretiens-individuels-accompagnement-parentalite\/","url":"https:\/\/magali-test.fr\/parenthese\/les-entretiens-individuels-accompagnement-parentalite\/","name":"Accompagnement individuel \u00e0 la parentalit\u00e9 \u00e0 Tarbes","isPartOf":{"@id":"https:\/\/magali-test.fr\/parenthese\/#website"},"datePublished":"2022-02-07T15:21:36+00:00","dateModified":"2024-11-12T20:08:03+00:00","description":"Aide et soutien \u00e0 la parentalit\u00e9 \u00e0 Tarbes. Nous vous accompagnons vers une parentalit\u00e9 \u00e9panouie au travers d\u2019un suivi individualis\u00e9","breadcrumb":{"@id":"https:\/\/magali-test.fr\/parenthese\/les-entretiens-individuels-accompagnement-parentalite\/#breadcrumb"},"inLanguage":"fr-FR","potentialAction":[{"@type":"ReadAction","target":["https:\/\/magali-test.fr\/parenthese\/les-entretiens-individuels-accompagnement-parentalite\/"]}]},{"@type":"BreadcrumbList","@id":"https:\/\/magali-test.fr\/parenthese\/les-entretiens-individuels-accompagnement-parentalite\/#breadcrumb","itemListElement":[{"@type":"ListItem","position":1,"name":"Accueil","item":"https:\/\/magali-test.fr\/parenthese\/"},{"@type":"ListItem","position":2,"name":"Les entretiens individuels"}]},{"@type":"WebSite","@id":"https:\/\/magali-test.fr\/parenthese\/#website","url":"https:\/\/magali-test.fr\/parenthese\/","name":"Une douce parenth\u00e8se","description":"Fabrique \u00e0 familles \u00e9panouies","publisher":{"@id":"https:\/\/magali-test.fr\/parenthese\/#organization"},"potentialAction":[{"@type":"SearchAction","target":{"@type":"EntryPoint","urlTemplate":"https:\/\/magali-test.fr\/parenthese\/?s={search_term_string}"},"query-input":{"@type":"PropertyValueSpecification","valueRequired":true,"valueName":"search_term_string"}}],"inLanguage":"fr-FR"},{"@type":"Organization","@id":"https:\/\/magali-test.fr\/parenthese\/#organization","name":"Une douce parenth\u00e8se","url":"https:\/\/magali-test.fr\/parenthese\/","logo":{"@type":"ImageObject","inLanguage":"fr-FR","@id":"https:\/\/magali-test.fr\/parenthese\/#\/schema\/logo\/image\/","url":"https:\/\/magali-test.fr\/parenthese\/wp-content\/uploads\/2022\/03\/favicon.png","contentUrl":"https:\/\/magali-test.fr\/parenthese\/wp-content\/uploads\/2022\/03\/favicon.png","width":475,"height":475,"caption":"Une douce parenth\u00e8se"},"image":{"@id":"https:\/\/magali-test.fr\/parenthese\/#\/schema\/logo\/image\/"},"sameAs":["https:\/\/www.facebook.com\/UnedouceparentheseParentalite"]}]}},"_links":{"self":[{"href":"https:\/\/magali-test.fr\/parenthese\/wp-json\/wp\/v2\/pages\/100","targetHints":{"allow":["GET"]}}],"collection":[{"href":"https:\/\/magali-test.fr\/parenthese\/wp-json\/wp\/v2\/pages"}],"about":[{"href":"https:\/\/magali-test.fr\/parenthese\/wp-json\/wp\/v2\/types\/page"}],"author":[{"embeddable":true,"href":"https:\/\/magali-test.fr\/parenthese\/wp-json\/wp\/v2\/users\/2"}],"replies":[{"embeddable":true,"href":"https:\/\/magali-test.fr\/parenthese\/wp-json\/wp\/v2\/comments?post=100"}],"version-history":[{"count":19,"href":"https:\/\/magali-test.fr\/parenthese\/wp-json\/wp\/v2\/pages\/100\/revisions"}],"predecessor-version":[{"id":532,"href":"https:\/\/magali-test.fr\/parenthese\/wp-json\/wp\/v2\/pages\/100\/revisions\/532"}],"wp:attachment":[{"href":"https:\/\/magali-test.fr\/parenthese\/wp-json\/wp\/v2\/media?parent=100"}],"curies":[{"name":"wp","href":"https:\/\/api.w.org\/{rel}","templated":true}]}}