{"id":19,"date":"2018-10-19T14:39:46","date_gmt":"2018-10-19T12:39:46","guid":{"rendered":"https:\/\/cedricmalgouyres.com\/?page_id=19"},"modified":"2025-11-12T12:26:00","modified_gmt":"2025-11-12T11:26:00","slug":"lifting-par-acupuncture-arret-du-tabac-toulouse","status":"publish","type":"page","link":"https:\/\/magali-test.fr\/malgouyres\/lifting-par-acupuncture-arret-du-tabac-toulouse\/","title":{"rendered":"M\u00e9decine chinoise et bien-\u00eatre"},"content":{"rendered":"<p>[et_pb_section fb_built=\u00a0\u00bb1&Prime; disabled_on=\u00a0\u00bboff|off|off\u00a0\u00bb _builder_version=\u00a0\u00bb4.27.4&Prime; background_image=\u00a0\u00bbhttps:\/\/magali-test.fr\/malgouyres\/wp-content\/uploads\/2025\/09\/test1.png\u00a0\u00bb background_size=\u00a0\u00bbstretch\u00a0\u00bb background_position=\u00a0\u00bbbottom_left\u00a0\u00bb custom_padding=\u00a0\u00bb5%||5%||false|false\u00a0\u00bb locked=\u00a0\u00bboff\u00a0\u00bb global_colors_info=\u00a0\u00bb{}\u00a0\u00bb][et_pb_row _builder_version=\u00a0\u00bb4.27.4&Prime; background_color=\u00a0\u00bb#f9e11f\u00a0\u00bb width=\u00a0\u00bb53%\u00a0\u00bb module_alignment=\u00a0\u00bbright\u00a0\u00bb hover_enabled=\u00a0\u00bb0&Prime; border_radii=\u00a0\u00bboff|10px|10px|10px|120px\u00a0\u00bb box_shadow_style=\u00a0\u00bbpreset4&Prime; box_shadow_horizontal=\u00a0\u00bb-10px\u00a0\u00bb box_shadow_color=\u00a0\u00bb#407c7a\u00a0\u00bb global_colors_info=\u00a0\u00bb{}\u00a0\u00bb width_last_edited=\u00a0\u00bbon|phone\u00a0\u00bb width_phone=\u00a0\u00bb60%\u00a0\u00bb sticky_enabled=\u00a0\u00bb0&Prime; width_tablet=\u00a0\u00bb53%\u00a0\u00bb][et_pb_column type=\u00a0\u00bb4_4&Prime; _builder_version=\u00a0\u00bb4.16&Prime; custom_padding=\u00a0\u00bb|||\u00a0\u00bb global_colors_info=\u00a0\u00bb{}\u00a0\u00bb custom_padding__hover=\u00a0\u00bb|||\u00a0\u00bb][et_pb_text _builder_version=\u00a0\u00bb4.27.4&Prime; header_font=\u00a0\u00bb||||||||\u00a0\u00bb header_text_align=\u00a0\u00bbcenter\u00a0\u00bb custom_padding=\u00a0\u00bb3%||3%||true|false\u00a0\u00bb hover_enabled=\u00a0\u00bb0&Prime; global_colors_info=\u00a0\u00bb{}\u00a0\u00bb header_font_size=\u00a0\u00bb2em\u00a0\u00bb header_font_size_last_edited=\u00a0\u00bbon|phone\u00a0\u00bb header_font_size_phone=\u00a0\u00bb1.6em\u00a0\u00bb header_text_align_last_edited=\u00a0\u00bbon|phone\u00a0\u00bb header_text_align_phone=\u00a0\u00bbright\u00a0\u00bb custom_padding_last_edited=\u00a0\u00bbon|phone\u00a0\u00bb custom_padding_phone=\u00a0\u00bb3%|9%|3%||true|false\u00a0\u00bb sticky_enabled=\u00a0\u00bb0&Prime; header_font_size_tablet=\u00a0\u00bb2em\u00a0\u00bb header_text_align_tablet=\u00a0\u00bbcenter\u00a0\u00bb custom_padding_tablet=\u00a0\u00bb3%||3%||true|false\u00a0\u00bb]<\/p>\n<h1>R\u00e9flexologie plantaire<\/h1>\n<p>[\/et_pb_text][\/et_pb_column][\/et_pb_row][\/et_pb_section][et_pb_section fb_built=\u00a0\u00bb1&Prime; module_id=\u00a0\u00bbreflexologie\u00a0\u00bb _builder_version=\u00a0\u00bb4.27.4&Prime; background_color=\u00a0\u00bb#faf6e5&Prime; custom_padding=\u00a0\u00bb||6px|||\u00a0\u00bb global_colors_info=\u00a0\u00bb{}\u00a0\u00bb][et_pb_row make_equal=\u00a0\u00bbon\u00a0\u00bb _builder_version=\u00a0\u00bb4.27.4&Prime; max_width=\u00a0\u00bb1300px\u00a0\u00bb custom_padding=\u00a0\u00bb27px|0px|0|0px|false|false\u00a0\u00bb global_colors_info=\u00a0\u00bb{}\u00a0\u00bb][et_pb_column type=\u00a0\u00bb4_4&Prime; _builder_version=\u00a0\u00bb4.16&Prime; custom_padding=\u00a0\u00bb|||\u00a0\u00bb global_colors_info=\u00a0\u00bb{}\u00a0\u00bb custom_padding__hover=\u00a0\u00bb|||\u00a0\u00bb][et_pb_text _builder_version=\u00a0\u00bb4.16&Prime; global_colors_info=\u00a0\u00bb{}\u00a0\u00bb]<\/p>\n<p>Bas\u00e9e sur un principe de projection du corps entier sur le pied, la r\u00e9flexologie est une <strong>technique de stimulation de zones r\u00e9flexes qui vont correspondre aux diff\u00e9rentes parties du corps (organes, structure\u2026).<\/strong><\/p>\n<p>Cette technique issue de la m\u00e9decine chinoise tire son efficacit\u00e9 de la pr\u00e9sence de nombreux canaux (m\u00e9ridiens) qui passent par les pieds. Ainsi il est possible de r\u00e9tablir un \u00e9quilibre tant \u00e9nerg\u00e9tique que physiologique \u00e0 distance en activant le processus d\u2019auto-gu\u00e9rison du corps.<\/p>\n<p>[\/et_pb_text][\/et_pb_column][\/et_pb_row][et_pb_row column_structure=\u00a0\u00bb1_3,1_3,1_3&Prime; _builder_version=\u00a0\u00bb4.27.4&Prime; custom_margin=\u00a0\u00bb2%||2%||true|false\u00a0\u00bb global_colors_info=\u00a0\u00bb{}\u00a0\u00bb][et_pb_column type=\u00a0\u00bb1_3&Prime; _builder_version=\u00a0\u00bb4.16&Prime; custom_padding=\u00a0\u00bb|||\u00a0\u00bb global_colors_info=\u00a0\u00bb{}\u00a0\u00bb custom_padding__hover=\u00a0\u00bb|||\u00a0\u00bb][et_pb_image src=\u00a0\u00bbhttps:\/\/magali-test.fr\/malgouyres\/wp-content\/uploads\/2018\/12\/Reflexologie-plantaire.jpg\u00a0\u00bb alt=\u00a0\u00bbreflexologie plantaire medecine chinoise toulouse\u00a0\u00bb show_in_lightbox=\u00a0\u00bbon\u00a0\u00bb align_tablet=\u00a0\u00bbcenter\u00a0\u00bb align_phone=\u00a0\u00bbcenter\u00a0\u00bb align_last_edited=\u00a0\u00bbon|desktop\u00a0\u00bb _builder_version=\u00a0\u00bb4.16&Prime; border_radii=\u00a0\u00bboff|10px|10px|10px|110px\u00a0\u00bb box_shadow_style=\u00a0\u00bbpreset4&Prime; box_shadow_horizontal=\u00a0\u00bb-10px\u00a0\u00bb box_shadow_color=\u00a0\u00bb#f9e11f\u00a0\u00bb global_colors_info=\u00a0\u00bb{}\u00a0\u00bb][\/et_pb_image][\/et_pb_column][et_pb_column type=\u00a0\u00bb1_3&Prime; _builder_version=\u00a0\u00bb4.16&Prime; custom_padding=\u00a0\u00bb|||\u00a0\u00bb global_colors_info=\u00a0\u00bb{}\u00a0\u00bb custom_padding__hover=\u00a0\u00bb|||\u00a0\u00bb][et_pb_image src=\u00a0\u00bbhttps:\/\/magali-test.fr\/malgouyres\/wp-content\/uploads\/2025\/10\/Reflexologie-plantaire-Toulouse.jpg\u00a0\u00bb alt=\u00a0\u00bbR\u00e9flexologie plantaire Toulouse\u00a0\u00bb title_text=\u00a0\u00bbR\u00e9flexologie plantaire Toulouse\u00a0\u00bb show_in_lightbox=\u00a0\u00bbon\u00a0\u00bb align_tablet=\u00a0\u00bbcenter\u00a0\u00bb align_phone=\u00a0\u00bbcenter\u00a0\u00bb align_last_edited=\u00a0\u00bbon|desktop\u00a0\u00bb _builder_version=\u00a0\u00bb4.27.4&Prime; border_radii=\u00a0\u00bboff|10px|10px|10px|110px\u00a0\u00bb box_shadow_style=\u00a0\u00bbpreset4&Prime; box_shadow_horizontal=\u00a0\u00bb-10px\u00a0\u00bb box_shadow_color=\u00a0\u00bb#f9e11f\u00a0\u00bb global_colors_info=\u00a0\u00bb{}\u00a0\u00bb][\/et_pb_image][\/et_pb_column][et_pb_column type=\u00a0\u00bb1_3&Prime; _builder_version=\u00a0\u00bb4.16&Prime; custom_padding=\u00a0\u00bb|||\u00a0\u00bb global_colors_info=\u00a0\u00bb{}\u00a0\u00bb custom_padding__hover=\u00a0\u00bb|||\u00a0\u00bb][et_pb_image src=\u00a0\u00bbhttps:\/\/magali-test.fr\/malgouyres\/wp-content\/uploads\/2025\/10\/Reflexologie-plantaire-31000.jpg\u00a0\u00bb alt=\u00a0\u00bbmassage pieds r\u00e9flexologie Toulouse\u00a0\u00bb title_text=\u00a0\u00bbR\u00e9flexologie plantaire 31000&Prime; show_in_lightbox=\u00a0\u00bbon\u00a0\u00bb align_tablet=\u00a0\u00bbcenter\u00a0\u00bb align_phone=\u00a0\u00bbcenter\u00a0\u00bb align_last_edited=\u00a0\u00bbon|desktop\u00a0\u00bb _builder_version=\u00a0\u00bb4.27.4&Prime; border_radii=\u00a0\u00bboff|10px|10px|10px|110px\u00a0\u00bb box_shadow_style=\u00a0\u00bbpreset4&Prime; box_shadow_horizontal=\u00a0\u00bb-10px\u00a0\u00bb box_shadow_color=\u00a0\u00bb#f9e11f\u00a0\u00bb global_colors_info=\u00a0\u00bb{}\u00a0\u00bb][\/et_pb_image][\/et_pb_column][\/et_pb_row][et_pb_row column_structure=\u00a0\u00bb1_2,1_2&Prime; _builder_version=\u00a0\u00bb4.27.4&Prime; max_width=\u00a0\u00bb1300px\u00a0\u00bb global_colors_info=\u00a0\u00bb{}\u00a0\u00bb][et_pb_column type=\u00a0\u00bb1_2&Prime; _builder_version=\u00a0\u00bb4.16&Prime; custom_padding=\u00a0\u00bb|||\u00a0\u00bb global_colors_info=\u00a0\u00bb{}\u00a0\u00bb custom_padding__hover=\u00a0\u00bb|||\u00a0\u00bb][et_pb_text ul_type=\u00a0\u00bbnone\u00a0\u00bb _builder_version=\u00a0\u00bb4.27.4&Prime; header_4_font=\u00a0\u00bb|600|||||||\u00a0\u00bb header_4_font_size=\u00a0\u00bb1.4em\u00a0\u00bb text_orientation=\u00a0\u00bbcenter\u00a0\u00bb global_colors_info=\u00a0\u00bb{}\u00a0\u00bb]<\/p>\n<h4>La r\u00e9flexologie\u00a0:<\/h4>\n<ul>\n<li>Diminue le stress et les tensions<\/li>\n<li>R\u00e9duit les douleurs<\/li>\n<li>R\u00e9duit l\u2019anxi\u00e9t\u00e9<\/li>\n<li>Augmente l\u2019\u00e9nergie<\/li>\n<li>Am\u00e9liore la circulation sanguine et lymphatique<\/li>\n<li>Stimule l\u2019activit\u00e9 interne des organes<\/li>\n<li>Traite certaines conditions sp\u00e9cifiques :\n<ul>\n<li>Constipation<\/li>\n<li>Maux de t\u00eate<\/li>\n<li>Allergies<\/li>\n<li>Rhumes\u2026<\/li>\n<\/ul>\n<\/li>\n<\/ul>\n<p>[\/et_pb_text][\/et_pb_column][et_pb_column type=\u00a0\u00bb1_2&Prime; _builder_version=\u00a0\u00bb4.16&Prime; custom_padding=\u00a0\u00bb|||\u00a0\u00bb global_colors_info=\u00a0\u00bb{}\u00a0\u00bb custom_padding__hover=\u00a0\u00bb|||\u00a0\u00bb][et_pb_text ul_type=\u00a0\u00bbnone\u00a0\u00bb _builder_version=\u00a0\u00bb4.16&Prime; header_4_font=\u00a0\u00bb|600|||||||\u00a0\u00bb header_4_font_size=\u00a0\u00bb1.4em\u00a0\u00bb text_orientation=\u00a0\u00bbcenter\u00a0\u00bb global_colors_info=\u00a0\u00bb{}\u00a0\u00bb]<\/p>\n<h4>Les contre-indications :<\/h4>\n<ul>\n<li>Mycoses<\/li>\n<li>Verrues plantaires<\/li>\n<li>Ost\u00e9oporose\u2026<\/li>\n<\/ul>\n<p>&nbsp;<\/p>\n<p>[\/et_pb_text][\/et_pb_column][\/et_pb_row][\/et_pb_section][et_pb_section fb_built=\u00a0\u00bb1&Prime; prev_background_color=\u00a0\u00bb#faf6e5&Prime; module_id=\u00a0\u00bblifting-acupuncture\u00a0\u00bb _builder_version=\u00a0\u00bb4.27.4&Prime; background_color=\u00a0\u00bb#407c7a\u00a0\u00bb custom_padding=\u00a0\u00bb2%||2%||true|false\u00a0\u00bb top_divider_style=\u00a0\u00bbwave2&Prime; top_divider_height=\u00a0\u00bb50px\u00a0\u00bb top_divider_repeat=\u00a0\u00bb2x\u00a0\u00bb bottom_divider_style=\u00a0\u00bbwave2&Prime; bottom_divider_color=\u00a0\u00bb#faf6e5&Prime; bottom_divider_height=\u00a0\u00bb50px\u00a0\u00bb bottom_divider_repeat=\u00a0\u00bb2x\u00a0\u00bb bottom_divider_flip=\u00a0\u00bbhorizontal\u00a0\u00bb global_colors_info=\u00a0\u00bb{}\u00a0\u00bb][et_pb_row _builder_version=\u00a0\u00bb4.27.4&Prime; hover_enabled=\u00a0\u00bb0&Prime; global_colors_info=\u00a0\u00bb{}\u00a0\u00bb custom_margin_last_edited=\u00a0\u00bbon|phone\u00a0\u00bb custom_margin_phone=\u00a0\u00bb4%||4%||true|false\u00a0\u00bb sticky_enabled=\u00a0\u00bb0&Prime;][et_pb_column type=\u00a0\u00bb4_4&Prime; _builder_version=\u00a0\u00bb4.16&Prime; custom_padding=\u00a0\u00bb|||\u00a0\u00bb global_colors_info=\u00a0\u00bb{}\u00a0\u00bb custom_padding__hover=\u00a0\u00bb|||\u00a0\u00bb][et_pb_text _builder_version=\u00a0\u00bb4.27.4&Prime; header_font=\u00a0\u00bb||||||||\u00a0\u00bb header_text_align=\u00a0\u00bbcenter\u00a0\u00bb header_3_text_align=\u00a0\u00bbcenter\u00a0\u00bb header_3_text_color=\u00a0\u00bb#FFFFFF\u00a0\u00bb global_colors_info=\u00a0\u00bb{}\u00a0\u00bb]<\/p>\n<h3>La m\u00e9decine chinoise au service de votre bien-\u00eatre<\/h3>\n<p>[\/et_pb_text][\/et_pb_column][\/et_pb_row][\/et_pb_section][et_pb_section fb_built=\u00a0\u00bb1&Prime; _builder_version=\u00a0\u00bb4.27.4&Prime; _module_preset=\u00a0\u00bbdefault\u00a0\u00bb background_image=\u00a0\u00bbhttps:\/\/magali-test.fr\/malgouyres\/wp-content\/uploads\/2025\/07\/Cedric-Malgouyres-Acupuncture-Tuina-Ventouses-Moxibustion.webp\u00a0\u00bb parallax=\u00a0\u00bbon\u00a0\u00bb parallax_method=\u00a0\u00bboff\u00a0\u00bb custom_padding=\u00a0\u00bb3%||3%||true|false\u00a0\u00bb top_divider_color=\u00a0\u00bb#faf6e5&Prime; locked=\u00a0\u00bboff\u00a0\u00bb global_colors_info=\u00a0\u00bb{}\u00a0\u00bb][et_pb_row _builder_version=\u00a0\u00bb4.27.4&Prime; _module_preset=\u00a0\u00bbdefault\u00a0\u00bb global_colors_info=\u00a0\u00bb{}\u00a0\u00bb][et_pb_column type=\u00a0\u00bb4_4&Prime; _builder_version=\u00a0\u00bb4.27.4&Prime; _module_preset=\u00a0\u00bbdefault\u00a0\u00bb global_colors_info=\u00a0\u00bb{}\u00a0\u00bb][et_pb_text _builder_version=\u00a0\u00bb4.27.4&Prime; text_font=\u00a0\u00bbSatisfy|700|||||||\u00a0\u00bb text_text_color=\u00a0\u00bb#407c7a\u00a0\u00bb text_font_size=\u00a0\u00bb1.3em\u00a0\u00bb text_letter_spacing=\u00a0\u00bb2px\u00a0\u00bb text_line_height=\u00a0\u00bb1.6em\u00a0\u00bb header_font=\u00a0\u00bbSatisfy||||||||\u00a0\u00bb header_text_color=\u00a0\u00bb#2d2e83&Prime; header_2_font=\u00a0\u00bb||||||||\u00a0\u00bb header_3_font=\u00a0\u00bb||||||||\u00a0\u00bb text_orientation=\u00a0\u00bbcenter\u00a0\u00bb locked=\u00a0\u00bboff\u00a0\u00bb global_colors_info=\u00a0\u00bb{}\u00a0\u00bb]<\/p>\n<p>Offrez \u00e0 vos pieds (et \u00e0 tout votre corps) un vrai moment d\u2019\u00e9quilibre<\/p>\n<p>[\/et_pb_text][et_pb_text _builder_version=\u00a0\u00bb4.27.4&Prime; text_font=\u00a0\u00bbCrimson Text||||||||\u00a0\u00bb header_font=\u00a0\u00bbSatisfy||||||||\u00a0\u00bb header_text_color=\u00a0\u00bb#2d2e83&Prime; header_2_font=\u00a0\u00bb||||||||\u00a0\u00bb header_2_text_align=\u00a0\u00bbcenter\u00a0\u00bb header_2_font_size=\u00a0\u00bb1.3em\u00a0\u00bb header_3_font=\u00a0\u00bb||||||||\u00a0\u00bb global_colors_info=\u00a0\u00bb{}\u00a0\u00bb]<\/p>\n<h2>La r\u00e9flexologie plantaire aide votre corps \u00e0 rel\u00e2cher ses tensions<\/h2>\n<h2>et \u00e0 retrouver son \u00e9nergie.<\/h2>\n<h2>Je vous accueille \u00e0 Toulouse pour une s\u00e9ance adapt\u00e9e \u00e0 vos besoins.<\/h2>\n<p>[\/et_pb_text][et_pb_button button_url=\u00a0\u00bb@ET-DC@eyJkeW5hbWljIjp0cnVlLCJjb250ZW50IjoicG9zdF9saW5rX3VybF9wYWdlIiwic2V0dGluZ3MiOnsicG9zdF9pZCI6IjIzIn19@\u00a0\u00bb button_text=\u00a0\u00bbR\u00e9server ma s\u00e9ance de r\u00e9flexologie\u00a0\u00bb button_alignment=\u00a0\u00bbcenter\u00a0\u00bb _builder_version=\u00a0\u00bb4.27.4&Prime; _dynamic_attributes=\u00a0\u00bbbutton_url\u00a0\u00bb _module_preset=\u00a0\u00bbdefault\u00a0\u00bb custom_button=\u00a0\u00bbon\u00a0\u00bb button_text_size=\u00a0\u00bb1.2em\u00a0\u00bb button_text_color=\u00a0\u00bb#2e2e2e\u00a0\u00bb button_bg_color=\u00a0\u00bb#f9e11f\u00a0\u00bb custom_margin=\u00a0\u00bb4.5%||||false|false\u00a0\u00bb locked=\u00a0\u00bboff\u00a0\u00bb global_colors_info=\u00a0\u00bb{}\u00a0\u00bb][\/et_pb_button][\/et_pb_column][\/et_pb_row][\/et_pb_section]<\/p>\n","protected":false},"excerpt":{"rendered":"<p>R\u00e9flexologie plantaireBas\u00e9e sur un principe de projection du corps entier sur le pied, la r\u00e9flexologie est une technique de stimulation de zones r\u00e9flexes qui vont correspondre aux diff\u00e9rentes parties du corps (organes, structure\u2026). Cette technique issue de la m\u00e9decine chinoise tire son efficacit\u00e9 de la pr\u00e9sence de nombreux canaux (m\u00e9ridiens) qui passent par les pieds. Ainsi il est possible de r\u00e9tablir un \u00e9quilibre tant \u00e9nerg\u00e9tique que physiologique \u00e0 distance en activant le processus d\u2019auto-gu\u00e9rison du corps. La r\u00e9flexologie\u00a0: Diminue le stress et les tensions R\u00e9duit les douleurs R\u00e9duit l\u2019anxi\u00e9t\u00e9 Augmente l\u2019\u00e9nergie Am\u00e9liore la circulation sanguine et lymphatique Stimule l\u2019activit\u00e9 interne des organes Traite certaines conditions sp\u00e9cifiques : Constipation Maux de t\u00eate Allergies Rhumes\u2026 Les contre-indications : Mycoses Verrues plantaires Ost\u00e9oporose\u2026 &nbsp;La m\u00e9decine chinoise au service de votre bien-\u00eatreOffrez \u00e0 vos pieds (et \u00e0 tout votre corps) un vrai moment d\u2019\u00e9quilibreLa r\u00e9flexologie plantaire aide votre corps \u00e0 rel\u00e2cher ses tensions et \u00e0 retrouver son \u00e9nergie. Je vous accueille \u00e0 Toulouse pour une s\u00e9ance adapt\u00e9e \u00e0 vos besoins.<\/p>\n","protected":false},"author":1,"featured_media":0,"parent":0,"menu_order":0,"comment_status":"closed","ping_status":"closed","template":"","meta":{"_et_pb_use_builder":"on","_et_pb_old_content":"","_et_gb_content_width":"","footnotes":""},"class_list":["post-19","page","type-page","status-publish","hentry"],"yoast_head":"<!-- This site is optimized with the Yoast SEO plugin v27.3 - https:\/\/yoast.com\/product\/yoast-seo-wordpress\/ -->\n<title>M\u00e9decine chinoise et bien-\u00eatre : Lifting par acupuncture - Arr\u00eat du tabac - ...<\/title>\n<meta name=\"description\" content=\"La m\u00e9decine chinoise est votre alli\u00e9e pour am\u00e9liorer votre bien-\u00eatre : lifting par acupunture, sevrage tabagique, Chi Nei Tsang, r\u00e9flexologie plantaire...\" \/>\n<meta name=\"robots\" content=\"noindex, follow, max-snippet:-1, max-image-preview:large, max-video-preview:-1\" \/>\n<meta property=\"og:locale\" content=\"fr_FR\" \/>\n<meta property=\"og:type\" content=\"article\" \/>\n<meta property=\"og:title\" content=\"M\u00e9decine chinoise et bien-\u00eatre : Lifting par acupuncture - Arr\u00eat du tabac - ...\" \/>\n<meta property=\"og:description\" content=\"La m\u00e9decine chinoise est votre alli\u00e9e pour am\u00e9liorer votre bien-\u00eatre : lifting par acupunture, sevrage tabagique, Chi Nei Tsang, r\u00e9flexologie plantaire...\" \/>\n<meta property=\"og:url\" content=\"https:\/\/magali-test.fr\/malgouyres\/lifting-par-acupuncture-arret-du-tabac-toulouse\/\" \/>\n<meta property=\"og:site_name\" content=\"C\u00e9dric Malgouyres\" \/>\n<meta property=\"article:modified_time\" content=\"2025-11-12T11:26:00+00:00\" \/>\n<meta name=\"twitter:card\" content=\"summary_large_image\" \/>\n<meta name=\"twitter:label1\" content=\"Dur\u00e9e de lecture estim\u00e9e\" \/>\n\t<meta name=\"twitter:data1\" content=\"6 minutes\" \/>\n<script type=\"application\/ld+json\" class=\"yoast-schema-graph\">{\"@context\":\"https:\\\/\\\/schema.org\",\"@graph\":[{\"@type\":\"WebPage\",\"@id\":\"https:\\\/\\\/magali-test.fr\\\/malgouyres\\\/lifting-par-acupuncture-arret-du-tabac-toulouse\\\/\",\"url\":\"https:\\\/\\\/magali-test.fr\\\/malgouyres\\\/lifting-par-acupuncture-arret-du-tabac-toulouse\\\/\",\"name\":\"M\u00e9decine chinoise et bien-\u00eatre : Lifting par acupuncture - Arr\u00eat du tabac - ...\",\"isPartOf\":{\"@id\":\"https:\\\/\\\/magali-test.fr\\\/malgouyres\\\/#website\"},\"datePublished\":\"2018-10-19T12:39:46+00:00\",\"dateModified\":\"2025-11-12T11:26:00+00:00\",\"description\":\"La m\u00e9decine chinoise est votre alli\u00e9e pour am\u00e9liorer votre bien-\u00eatre : lifting par acupunture, sevrage tabagique, Chi Nei Tsang, r\u00e9flexologie plantaire...\",\"breadcrumb\":{\"@id\":\"https:\\\/\\\/magali-test.fr\\\/malgouyres\\\/lifting-par-acupuncture-arret-du-tabac-toulouse\\\/#breadcrumb\"},\"inLanguage\":\"fr-FR\",\"potentialAction\":[{\"@type\":\"ReadAction\",\"target\":[\"https:\\\/\\\/magali-test.fr\\\/malgouyres\\\/lifting-par-acupuncture-arret-du-tabac-toulouse\\\/\"]}]},{\"@type\":\"BreadcrumbList\",\"@id\":\"https:\\\/\\\/magali-test.fr\\\/malgouyres\\\/lifting-par-acupuncture-arret-du-tabac-toulouse\\\/#breadcrumb\",\"itemListElement\":[{\"@type\":\"ListItem\",\"position\":1,\"name\":\"Accueil\",\"item\":\"https:\\\/\\\/magali-test.fr\\\/malgouyres\\\/\"},{\"@type\":\"ListItem\",\"position\":2,\"name\":\"M\u00e9decine chinoise et bien-\u00eatre\"}]},{\"@type\":\"WebSite\",\"@id\":\"https:\\\/\\\/magali-test.fr\\\/malgouyres\\\/#website\",\"url\":\"https:\\\/\\\/magali-test.fr\\\/malgouyres\\\/\",\"name\":\"C\u00e9dric Malgouyres\",\"description\":\"Praticien en m\u00e9decine chinoise Toulouse\",\"potentialAction\":[{\"@type\":\"SearchAction\",\"target\":{\"@type\":\"EntryPoint\",\"urlTemplate\":\"https:\\\/\\\/magali-test.fr\\\/malgouyres\\\/?s={search_term_string}\"},\"query-input\":{\"@type\":\"PropertyValueSpecification\",\"valueRequired\":true,\"valueName\":\"search_term_string\"}}],\"inLanguage\":\"fr-FR\"}]}<\/script>\n<!-- \/ Yoast SEO plugin. -->","yoast_head_json":{"title":"M\u00e9decine chinoise et bien-\u00eatre : Lifting par acupuncture - Arr\u00eat du tabac - ...","description":"La m\u00e9decine chinoise est votre alli\u00e9e pour am\u00e9liorer votre bien-\u00eatre : lifting par acupunture, sevrage tabagique, Chi Nei Tsang, r\u00e9flexologie plantaire...","robots":{"index":"noindex","follow":"follow","max-snippet":"max-snippet:-1","max-image-preview":"max-image-preview:large","max-video-preview":"max-video-preview:-1"},"og_locale":"fr_FR","og_type":"article","og_title":"M\u00e9decine chinoise et bien-\u00eatre : Lifting par acupuncture - Arr\u00eat du tabac - ...","og_description":"La m\u00e9decine chinoise est votre alli\u00e9e pour am\u00e9liorer votre bien-\u00eatre : lifting par acupunture, sevrage tabagique, Chi Nei Tsang, r\u00e9flexologie plantaire...","og_url":"https:\/\/magali-test.fr\/malgouyres\/lifting-par-acupuncture-arret-du-tabac-toulouse\/","og_site_name":"C\u00e9dric Malgouyres","article_modified_time":"2025-11-12T11:26:00+00:00","twitter_card":"summary_large_image","twitter_misc":{"Dur\u00e9e de lecture estim\u00e9e":"6 minutes"},"schema":{"@context":"https:\/\/schema.org","@graph":[{"@type":"WebPage","@id":"https:\/\/magali-test.fr\/malgouyres\/lifting-par-acupuncture-arret-du-tabac-toulouse\/","url":"https:\/\/magali-test.fr\/malgouyres\/lifting-par-acupuncture-arret-du-tabac-toulouse\/","name":"M\u00e9decine chinoise et bien-\u00eatre : Lifting par acupuncture - Arr\u00eat du tabac - ...","isPartOf":{"@id":"https:\/\/magali-test.fr\/malgouyres\/#website"},"datePublished":"2018-10-19T12:39:46+00:00","dateModified":"2025-11-12T11:26:00+00:00","description":"La m\u00e9decine chinoise est votre alli\u00e9e pour am\u00e9liorer votre bien-\u00eatre : lifting par acupunture, sevrage tabagique, Chi Nei Tsang, r\u00e9flexologie plantaire...","breadcrumb":{"@id":"https:\/\/magali-test.fr\/malgouyres\/lifting-par-acupuncture-arret-du-tabac-toulouse\/#breadcrumb"},"inLanguage":"fr-FR","potentialAction":[{"@type":"ReadAction","target":["https:\/\/magali-test.fr\/malgouyres\/lifting-par-acupuncture-arret-du-tabac-toulouse\/"]}]},{"@type":"BreadcrumbList","@id":"https:\/\/magali-test.fr\/malgouyres\/lifting-par-acupuncture-arret-du-tabac-toulouse\/#breadcrumb","itemListElement":[{"@type":"ListItem","position":1,"name":"Accueil","item":"https:\/\/magali-test.fr\/malgouyres\/"},{"@type":"ListItem","position":2,"name":"M\u00e9decine chinoise et bien-\u00eatre"}]},{"@type":"WebSite","@id":"https:\/\/magali-test.fr\/malgouyres\/#website","url":"https:\/\/magali-test.fr\/malgouyres\/","name":"C\u00e9dric Malgouyres","description":"Praticien en m\u00e9decine chinoise Toulouse","potentialAction":[{"@type":"SearchAction","target":{"@type":"EntryPoint","urlTemplate":"https:\/\/magali-test.fr\/malgouyres\/?s={search_term_string}"},"query-input":{"@type":"PropertyValueSpecification","valueRequired":true,"valueName":"search_term_string"}}],"inLanguage":"fr-FR"}]}},"_links":{"self":[{"href":"https:\/\/magali-test.fr\/malgouyres\/wp-json\/wp\/v2\/pages\/19","targetHints":{"allow":["GET"]}}],"collection":[{"href":"https:\/\/magali-test.fr\/malgouyres\/wp-json\/wp\/v2\/pages"}],"about":[{"href":"https:\/\/magali-test.fr\/malgouyres\/wp-json\/wp\/v2\/types\/page"}],"author":[{"embeddable":true,"href":"https:\/\/magali-test.fr\/malgouyres\/wp-json\/wp\/v2\/users\/1"}],"replies":[{"embeddable":true,"href":"https:\/\/magali-test.fr\/malgouyres\/wp-json\/wp\/v2\/comments?post=19"}],"version-history":[{"count":33,"href":"https:\/\/magali-test.fr\/malgouyres\/wp-json\/wp\/v2\/pages\/19\/revisions"}],"predecessor-version":[{"id":1252,"href":"https:\/\/magali-test.fr\/malgouyres\/wp-json\/wp\/v2\/pages\/19\/revisions\/1252"}],"wp:attachment":[{"href":"https:\/\/magali-test.fr\/malgouyres\/wp-json\/wp\/v2\/media?parent=19"}],"curies":[{"name":"wp","href":"https:\/\/api.w.org\/{rel}","templated":true}]}}